{"id":897,"date":"2024-11-22T17:39:51","date_gmt":"2024-11-22T17:39:51","guid":{"rendered":"https:\/\/myteamvl.com\/?page_id=897"},"modified":"2024-11-29T13:20:38","modified_gmt":"2024-11-29T13:20:38","slug":"politica-privacidade-cookies","status":"publish","type":"page","link":"https:\/\/myteamvl.com\/en\/politica-privacidade-cookies\/","title":{"rendered":"Privacy and Cookie Policy"},"content":{"rendered":"<div data-elementor-type=\"wp-page\" data-elementor-id=\"897\" class=\"elementor elementor-897\">\n\t\t\t\t\t\t<section class=\"elementor-section elementor-top-section elementor-element elementor-element-862ee8f elementor-section-height-min-height elementor-section-boxed elementor-section-height-default elementor-section-items-middle\" data-id=\"862ee8f\" data-element_type=\"section\" data-settings=\"{&quot;jet_parallax_layout_list&quot;:[{&quot;jet_parallax_layout_image&quot;:{&quot;url&quot;:&quot;&quot;,&quot;id&quot;:&quot;&quot;,&quot;size&quot;:&quot;&quot;},&quot;_id&quot;:&quot;8592dbb&quot;,&quot;jet_parallax_layout_speed&quot;:{&quot;unit&quot;:&quot;%&quot;,&quot;size&quot;:&quot;50&quot;,&quot;sizes&quot;:[]},&quot;jet_parallax_layout_bg_x&quot;:&quot;50&quot;,&quot;jet_parallax_layout_bg_y&quot;:&quot;50&quot;,&quot;jet_parallax_layout_image_tablet&quot;:{&quot;url&quot;:&quot;&quot;,&quot;id&quot;:&quot;&quot;,&quot;size&quot;:&quot;&quot;},&quot;jet_parallax_layout_image_mobile&quot;:{&quot;url&quot;:&quot;&quot;,&quot;id&quot;:&quot;&quot;,&quot;size&quot;:&quot;&quot;},&quot;jet_parallax_layout_type&quot;:&quot;scroll&quot;,&quot;jet_parallax_layout_direction&quot;:null,&quot;jet_parallax_layout_fx_direction&quot;:null,&quot;jet_parallax_layout_z_index&quot;:&quot;&quot;,&quot;jet_parallax_layout_bg_x_tablet&quot;:&quot;&quot;,&quot;jet_parallax_layout_bg_x_mobile&quot;:&quot;&quot;,&quot;jet_parallax_layout_bg_y_tablet&quot;:&quot;&quot;,&quot;jet_parallax_layout_bg_y_mobile&quot;:&quot;&quot;,&quot;jet_parallax_layout_bg_size&quot;:&quot;auto&quot;,&quot;jet_parallax_layout_bg_size_tablet&quot;:&quot;&quot;,&quot;jet_parallax_layout_bg_size_mobile&quot;:&quot;&quot;,&quot;jet_parallax_layout_animation_prop&quot;:&quot;transform&quot;,&quot;jet_parallax_layout_on&quot;:[&quot;desktop&quot;,&quot;tablet&quot;]}],&quot;background_background&quot;:&quot;classic&quot;}\">\n\t\t\t\t\t\t\t<div class=\"elementor-background-overlay\"><\/div>\n\t\t\t\t\t\t\t<div class=\"elementor-container elementor-column-gap-default\">\n\t\t\t\t\t<div class=\"elementor-column elementor-col-100 elementor-top-column elementor-element elementor-element-d1961ba\" data-id=\"d1961ba\" data-element_type=\"column\">\n\t\t\t<div class=\"elementor-widget-wrap elementor-element-populated\">\n\t\t\t\t\t\t<div class=\"elementor-element elementor-element-811ad42 elementor-widget elementor-widget-spacer\" data-id=\"811ad42\" data-element_type=\"widget\" data-widget_type=\"spacer.default\">\n\t\t\t\t<div class=\"elementor-widget-container\">\n\t\t\t\t\t\t\t<div class=\"elementor-spacer\">\n\t\t\t<div class=\"elementor-spacer-inner\"><\/div>\n\t\t<\/div>\n\t\t\t\t\t\t<\/div>\n\t\t\t\t<\/div>\n\t\t\t\t\t<\/div>\n\t\t<\/div>\n\t\t\t\t\t<\/div>\n\t\t<\/section>\n\t\t\t\t<section class=\"elementor-section elementor-top-section elementor-element elementor-element-69f4ade elementor-section-height-min-height elementor-section-items-stretch elementor-section-full_width elementor-section-height-default\" data-id=\"69f4ade\" data-element_type=\"section\" data-settings=\"{&quot;jet_parallax_layout_list&quot;:[{&quot;jet_parallax_layout_image&quot;:{&quot;url&quot;:&quot;&quot;,&quot;id&quot;:&quot;&quot;,&quot;size&quot;:&quot;&quot;},&quot;_id&quot;:&quot;d46b3a7&quot;,&quot;jet_parallax_layout_speed&quot;:{&quot;unit&quot;:&quot;%&quot;,&quot;size&quot;:&quot;50&quot;,&quot;sizes&quot;:[]},&quot;jet_parallax_layout_bg_x&quot;:&quot;50&quot;,&quot;jet_parallax_layout_bg_y&quot;:&quot;50&quot;,&quot;jet_parallax_layout_image_tablet&quot;:{&quot;url&quot;:&quot;&quot;,&quot;id&quot;:&quot;&quot;,&quot;size&quot;:&quot;&quot;},&quot;jet_parallax_layout_image_mobile&quot;:{&quot;url&quot;:&quot;&quot;,&quot;id&quot;:&quot;&quot;,&quot;size&quot;:&quot;&quot;},&quot;jet_parallax_layout_type&quot;:&quot;scroll&quot;,&quot;jet_parallax_layout_direction&quot;:null,&quot;jet_parallax_layout_fx_direction&quot;:null,&quot;jet_parallax_layout_z_index&quot;:&quot;&quot;,&quot;jet_parallax_layout_bg_x_tablet&quot;:&quot;&quot;,&quot;jet_parallax_layout_bg_x_mobile&quot;:&quot;&quot;,&quot;jet_parallax_layout_bg_y_tablet&quot;:&quot;&quot;,&quot;jet_parallax_layout_bg_y_mobile&quot;:&quot;&quot;,&quot;jet_parallax_layout_bg_size&quot;:&quot;auto&quot;,&quot;jet_parallax_layout_bg_size_tablet&quot;:&quot;&quot;,&quot;jet_parallax_layout_bg_size_mobile&quot;:&quot;&quot;,&quot;jet_parallax_layout_animation_prop&quot;:&quot;transform&quot;,&quot;jet_parallax_layout_on&quot;:[&quot;desktop&quot;,&quot;tablet&quot;]}],&quot;background_background&quot;:&quot;classic&quot;}\">\n\t\t\t\t\t\t<div class=\"elementor-container elementor-column-gap-default\">\n\t\t\t\t\t<div class=\"elementor-column elementor-col-100 elementor-top-column elementor-element elementor-element-1197c35\" data-id=\"1197c35\" data-element_type=\"column\" data-settings=\"{&quot;background_background&quot;:&quot;classic&quot;}\">\n\t\t\t<div class=\"elementor-widget-wrap elementor-element-populated\">\n\t\t\t\t\t\t<div class=\"elementor-element elementor-element-e5c4eec elementor-widget elementor-widget-spacer\" data-id=\"e5c4eec\" data-element_type=\"widget\" data-widget_type=\"spacer.default\">\n\t\t\t\t<div class=\"elementor-widget-container\">\n\t\t\t\t\t\t\t<div class=\"elementor-spacer\">\n\t\t\t<div class=\"elementor-spacer-inner\"><\/div>\n\t\t<\/div>\n\t\t\t\t\t\t<\/div>\n\t\t\t\t<\/div>\n\t\t\t\t\t<\/div>\n\t\t<\/div>\n\t\t\t\t\t<\/div>\n\t\t<\/section>\n\t\t\t\t<section class=\"elementor-section elementor-top-section elementor-element elementor-element-d35dd93 elementor-section-height-min-height elementor-section-items-stretch elementor-section-boxed elementor-section-height-default\" data-id=\"d35dd93\" data-element_type=\"section\" data-settings=\"{&quot;jet_parallax_layout_list&quot;:[{&quot;jet_parallax_layout_image&quot;:{&quot;url&quot;:&quot;&quot;,&quot;id&quot;:&quot;&quot;,&quot;size&quot;:&quot;&quot;},&quot;_id&quot;:&quot;c42bb1b&quot;,&quot;jet_parallax_layout_speed&quot;:{&quot;unit&quot;:&quot;%&quot;,&quot;size&quot;:&quot;50&quot;,&quot;sizes&quot;:[]},&quot;jet_parallax_layout_bg_x&quot;:&quot;50&quot;,&quot;jet_parallax_layout_bg_y&quot;:&quot;50&quot;,&quot;jet_parallax_layout_image_tablet&quot;:{&quot;url&quot;:&quot;&quot;,&quot;id&quot;:&quot;&quot;,&quot;size&quot;:&quot;&quot;},&quot;jet_parallax_layout_image_mobile&quot;:{&quot;url&quot;:&quot;&quot;,&quot;id&quot;:&quot;&quot;,&quot;size&quot;:&quot;&quot;},&quot;jet_parallax_layout_type&quot;:&quot;scroll&quot;,&quot;jet_parallax_layout_direction&quot;:null,&quot;jet_parallax_layout_fx_direction&quot;:null,&quot;jet_parallax_layout_z_index&quot;:&quot;&quot;,&quot;jet_parallax_layout_bg_x_tablet&quot;:&quot;&quot;,&quot;jet_parallax_layout_bg_x_mobile&quot;:&quot;&quot;,&quot;jet_parallax_layout_bg_y_tablet&quot;:&quot;&quot;,&quot;jet_parallax_layout_bg_y_mobile&quot;:&quot;&quot;,&quot;jet_parallax_layout_bg_size&quot;:&quot;auto&quot;,&quot;jet_parallax_layout_bg_size_tablet&quot;:&quot;&quot;,&quot;jet_parallax_layout_bg_size_mobile&quot;:&quot;&quot;,&quot;jet_parallax_layout_animation_prop&quot;:&quot;transform&quot;,&quot;jet_parallax_layout_on&quot;:[&quot;desktop&quot;,&quot;tablet&quot;]}]}\">\n\t\t\t\t\t\t<div class=\"elementor-container elementor-column-gap-default\">\n\t\t\t\t\t<div class=\"elementor-column elementor-col-100 elementor-top-column elementor-element elementor-element-a357bf6\" data-id=\"a357bf6\" data-element_type=\"column\" data-settings=\"{&quot;background_background&quot;:&quot;classic&quot;}\">\n\t\t\t<div class=\"elementor-widget-wrap elementor-element-populated\">\n\t\t\t\t\t\t<div class=\"elementor-element elementor-element-41e9fc5 elementor-align-flex-start elementor-mobile-align-center elementor-widget elementor-widget-raven-breadcrumbs\" data-id=\"41e9fc5\" data-element_type=\"widget\" data-widget_type=\"raven-breadcrumbs.default\">\n\t\t\t\t<div class=\"elementor-widget-container\">\n\t\t\t\t\t<div class=\"raven-breadcrumbs raven-breadcrumbs-default\"><p class=\"breadcrumb\">\t\t\t\t<span class=\"breadcrumb-item active\" aria-current=\"page\"><span>Home<\/span><\/span>\n\n\t\t\t\t<\/p><\/div>\t\t\t\t<\/div>\n\t\t\t\t<\/div>\n\t\t\t\t<div class=\"elementor-element elementor-element-4000b58 elementor-mobile-align-center elementor-align-left elementor-widget elementor-widget-raven-heading\" data-id=\"4000b58\" data-element_type=\"widget\" data-widget_type=\"raven-heading.default\">\n\t\t\t\t<div class=\"elementor-widget-container\">\n\t\t\t\t\t\t\t<div class=\"raven-widget-wrapper\"><h1 class=\"raven-heading raven-heading-h1\"><span class=\"raven-heading-title\">Privacy and Cookies Policy<\/span><\/h1><\/div>\n\t\t\t\t\t\t<\/div>\n\t\t\t\t<\/div>\n\t\t\t\t\t<\/div>\n\t\t<\/div>\n\t\t\t\t\t<\/div>\n\t\t<\/section>\n\t\t<div class=\"elementor-element elementor-element-8005951 e-flex e-con-boxed e-con e-parent\" data-id=\"8005951\" data-element_type=\"container\" data-settings=\"{&quot;jet_parallax_layout_list&quot;:[]}\">\n\t\t\t\t\t<div class=\"e-con-inner\">\n\t\t\t\t<div class=\"elementor-element elementor-element-0b54ef9 elementor-widget elementor-widget-text-editor\" data-id=\"0b54ef9\" data-element_type=\"widget\" data-widget_type=\"text-editor.default\">\n\t\t\t\t<div class=\"elementor-widget-container\">\n\t\t\t\t\t\t\t\t\t<ol><li style=\"font-weight: 400;\"><strong> Introdu\u00e7\u00e3o<\/strong><\/li><\/ol><p style=\"font-weight: 400;\">Este website est\u00e1 em conformidade com o Regulamento Geral de Prote\u00e7\u00e3o de Dados da Uni\u00e3o Europeia (Regulamento UE 2016\/679, &#8220;RGPD&#8221;) e com a Lei n.\u00ba 58\/2019, de 8 de agosto, que assegura a execu\u00e7\u00e3o do RGPD em Portugal. A presente Pol\u00edtica de Privacidade explica como recolhemos, utilizamos, armazenamos e protegemos os seus dados pessoais.<\/p><ol start=\"2\"><li style=\"font-weight: 400;\"><strong> Dados Recolhidos<\/strong><\/li><\/ol><p style=\"font-weight: 400;\">Podemos recolher os seguintes dados pessoais:<\/p><ul style=\"font-weight: 400;\"><li>Nome, e-mail e telefone (quando preenche formul\u00e1rios no site);<\/li><li>Informa\u00e7\u00f5es t\u00e9cnicas, como endere\u00e7o IP e dados de navega\u00e7\u00e3o, atrav\u00e9s de cookies (veja a nossa Pol\u00edtica de Cookies);<\/li><li>Outros dados que decida partilhar connosco voluntariamente.<\/li><\/ul><p style=\"font-weight: 400;\">Todos os dados s\u00e3o tratados de acordo com o RGPD e apenas para as finalidades descritas.<\/p><ol start=\"3\"><li style=\"font-weight: 400;\"><strong> Finalidade da Recolha e Tratamento dos Dados<\/strong><\/li><\/ol><p style=\"font-weight: 400;\">Os seus dados pessoais ser\u00e3o tratados para os seguintes fins:<\/p><ul style=\"font-weight: 400;\"><li>Processamento de pedidos ou compras efetuados no site;<\/li><li>Responder a contactos ou solicita\u00e7\u00f5es feitas atrav\u00e9s de formul\u00e1rios;<\/li><li>Envio de informa\u00e7\u00f5es sobre os nossos servi\u00e7os ou campanhas;<\/li><li>Melhoria da experi\u00eancia de navega\u00e7\u00e3o no website.<\/li><\/ul><p style=\"font-weight: 400;\">N\u00e3o utilizaremos os seus dados para outros fins sem o seu consentimento.<\/p><ol start=\"4\"><li style=\"font-weight: 400;\"><strong> Direitos do Utilizador<\/strong><\/li><\/ol><p style=\"font-weight: 400;\">Em conformidade com o RGPD, tem os seguintes direitos:<\/p><ul style=\"font-weight: 400;\"><li><strong>Direito de Acesso:<\/strong>\u00a0Solicitar uma c\u00f3pia dos dados pessoais que temos sobre si.<\/li><li><strong>Direito de Retifica\u00e7\u00e3o:<\/strong>\u00a0Pedir a corre\u00e7\u00e3o de dados pessoais incorretos ou incompletos.<\/li><li><strong>Direito ao Apagar (Esquecimento):<\/strong>\u00a0Solicitar a elimina\u00e7\u00e3o dos seus dados pessoais, exceto quando existam obriga\u00e7\u00f5es legais para mant\u00ea-los.<\/li><li><strong>Direito \u00e0 Portabilidade:<\/strong>\u00a0Obter uma c\u00f3pia dos seus dados num formato estruturado.<\/li><li><strong>Direito de Oposi\u00e7\u00e3o:<\/strong>\u00a0Op\u00f4r-se ao tratamento dos seus dados em determinadas circunst\u00e2ncias.<\/li><li><strong>Direito \u00e0 Restri\u00e7\u00e3o do Tratamento:<\/strong>\u00a0Restringir o uso dos seus dados em condi\u00e7\u00f5es espec\u00edficas.<\/li><\/ul><p style=\"font-weight: 400;\">Pode exercer estes direitos contactando-nos atrav\u00e9s de <a href=\"mailto:info@myteamvl.com\" target=\"_blank\" rel=\"noopener\">info@myteamvl.com<\/a><\/p><ol start=\"5\"><li style=\"font-weight: 400;\"><strong> Partilha de Dados<\/strong><\/li><\/ol><p style=\"font-weight: 400;\">Os seus dados n\u00e3o ser\u00e3o partilhados com terceiros, exceto:<\/p><ul style=\"font-weight: 400;\"><li>Quando necess\u00e1rio para cumprir obriga\u00e7\u00f5es legais;<\/li><li>Com parceiros que ajudam na gest\u00e3o t\u00e9cnica do website e que cumprem as regras do RGPD.<\/li><\/ul><ol start=\"6\"><li style=\"font-weight: 400;\"><strong> Seguran\u00e7a dos Dados<\/strong><\/li><\/ol><p style=\"font-weight: 400;\">Implementamos medidas t\u00e9cnicas e organizativas adequadas para proteger os seus dados pessoais contra acessos n\u00e3o autorizados, perda, destrui\u00e7\u00e3o ou divulga\u00e7\u00e3o indevida.<\/p><ol start=\"7\"><li style=\"font-weight: 400;\"><strong> Reten\u00e7\u00e3o de Dados<\/strong><\/li><\/ol><p style=\"font-weight: 400;\">Os dados pessoais ser\u00e3o mantidos apenas pelo tempo necess\u00e1rio para cumprir as finalidades para as quais foram recolhidos ou conforme exigido pela lei.<\/p><ol start=\"8\"><li style=\"font-weight: 400;\"><strong> Base Legal para o Tratamento<\/strong><\/li><\/ol><p style=\"font-weight: 400;\">O tratamento dos dados pessoais \u00e9 realizado com base em:<\/p><ul style=\"font-weight: 400;\"><li><strong>Consentimento:<\/strong>\u00a0Quando o utilizador fornece os seus dados voluntariamente.<\/li><li><strong>Execu\u00e7\u00e3o de Contrato:<\/strong>\u00a0Quando necess\u00e1rio para a presta\u00e7\u00e3o dos nossos servi\u00e7os.<\/li><li><strong>Cumprimento de Obriga\u00e7\u00f5es Legais:<\/strong>\u00a0Quando a legisla\u00e7\u00e3o assim exigir.<\/li><\/ul><ol start=\"9\"><li style=\"font-weight: 400;\"><strong> Contacts<\/strong><\/li><\/ol><p style=\"font-weight: 400;\">Para d\u00favidas, reclama\u00e7\u00f5es ou exerc\u00edcio de direitos relacionados com a prote\u00e7\u00e3o de dados, pode contactar-nos:<\/p><ul style=\"font-weight: 400;\"><li><strong>Respons\u00e1vel pelo Tratamento de Dados:<\/strong>\u00a0Carneiro Souchet Unipessoal Lda<\/li><li><strong>E-mail:<\/strong>\u00a0<a href=\"mailto:info@vlcareandsupport.com\">info@vlcareandsupport.com<\/a><\/li><li><strong>Telefone:<\/strong>\u00a0+351935728877<\/li><\/ul><ol start=\"10\"><li style=\"font-weight: 400;\"><strong> Direito de Reclama\u00e7\u00e3o<\/strong><\/li><\/ol><p style=\"font-weight: 400;\">Caso considere que os seus dados n\u00e3o est\u00e3o a ser tratados em conformidade com o RGPD, pode apresentar uma reclama\u00e7\u00e3o junto da\u00a0<strong>Comiss\u00e3o Nacional de Prote\u00e7\u00e3o de Dados (CNPD)<\/strong>:<\/p><ul style=\"font-weight: 400;\"><li><strong>Website:<\/strong>\u00a0<a href=\"https:\/\/www.cnpd.pt\/\" data-saferedirecturl=\"https:\/\/www.google.com\/url?q=https:\/\/www.cnpd.pt&amp;source=gmail&amp;ust=1732925555899000&amp;usg=AOvVaw2Vpf2P4TEAu5Or4XqebAMq\">www.cnpd.pt<\/a><\/li><li><strong>E-mail:<\/strong>\u00a0<a href=\"mailto:geral@cnpd.pt\">geral@cnpd.pt<\/a><\/li><\/ul><p style=\"font-weight: 400;\"><strong>Informamos tamb\u00e9m que dispomos de livro de reclama\u00e7\u00f5es online atrav\u00e9s do website:\u00a0<\/strong><a href=\"https:\/\/www.livroreclamacoes.pt\/\" data-saferedirecturl=\"https:\/\/www.google.com\/url?q=https:\/\/www.livroreclamacoes.pt\/&amp;source=gmail&amp;ust=1732925555900000&amp;usg=AOvVaw34RILmPcpOYe7tACrkeVEi\">https:\/\/www.livroreclamacoes.pt\/<\/a><\/p><ol start=\"11\"><li style=\"font-weight: 400;\"><strong> Altera\u00e7\u00f5es \u00e0 Pol\u00edtica de Privacidade<\/strong><\/li><\/ol><p style=\"font-weight: 400;\">Esta Pol\u00edtica de Privacidade pode ser atualizada periodicamente para refletir mudan\u00e7as na legisla\u00e7\u00e3o ou no funcionamento do website. Recomendamos que consulte esta p\u00e1gina regularmente.<\/p>\t\t\t\t\t\t\t\t<\/div>\n\t\t\t\t<\/div>\n\t\t\t\t\t<\/div>\n\t\t\t\t<\/div>\n\t\t\t\t<\/div>","protected":false},"excerpt":{"rendered":"<p>Home Pol\u00edtica Privacidade e Cookies Introdu\u00e7\u00e3o Este website est\u00e1 em conformidade com o Regulamento Geral de Prote\u00e7\u00e3o de Dados da Uni\u00e3o Europeia (Regulamento UE 2016\/679, &#8220;RGPD&#8221;) e com a Lei n.\u00ba 58\/2019, de 8 de agosto, que assegura a execu\u00e7\u00e3o do RGPD em Portugal. A presente Pol\u00edtica de Privacidade explica como recolhemos, utilizamos, armazenamos e [&hellip;]<\/p>","protected":false},"author":1,"featured_media":0,"parent":0,"menu_order":0,"comment_status":"closed","ping_status":"closed","template":"elementor_header_footer","meta":{"_acf_changed":false,"footnotes":""},"class_list":["post-897","page","type-page","status-publish","hentry"],"acf":[],"_links":{"self":[{"href":"https:\/\/myteamvl.com\/en\/wp-json\/wp\/v2\/pages\/897","targetHints":{"allow":["GET"]}}],"collection":[{"href":"https:\/\/myteamvl.com\/en\/wp-json\/wp\/v2\/pages"}],"about":[{"href":"https:\/\/myteamvl.com\/en\/wp-json\/wp\/v2\/types\/page"}],"author":[{"embeddable":true,"href":"https:\/\/myteamvl.com\/en\/wp-json\/wp\/v2\/users\/1"}],"replies":[{"embeddable":true,"href":"https:\/\/myteamvl.com\/en\/wp-json\/wp\/v2\/comments?post=897"}],"version-history":[{"count":7,"href":"https:\/\/myteamvl.com\/en\/wp-json\/wp\/v2\/pages\/897\/revisions"}],"predecessor-version":[{"id":1073,"href":"https:\/\/myteamvl.com\/en\/wp-json\/wp\/v2\/pages\/897\/revisions\/1073"}],"wp:attachment":[{"href":"https:\/\/myteamvl.com\/en\/wp-json\/wp\/v2\/media?parent=897"}],"curies":[{"name":"wp","href":"https:\/\/api.w.org\/{rel}","templated":true}]}}